{"id":3448,"date":"2022-04-05T15:02:22","date_gmt":"2022-04-05T15:02:22","guid":{"rendered":"https:\/\/www.camping-amelia.fr\/precios-y-documentacion\/"},"modified":"2026-01-08T14:31:17","modified_gmt":"2026-01-08T14:31:17","slug":"precios-y-documentacion","status":"publish","type":"page","link":"https:\/\/www.camping-amelia.fr\/es\/precios-y-documentacion\/","title":{"rendered":"Precios y documentaci\u00f3n"},"content":{"rendered":"<div class=\"wpb-content-wrapper\"><p>[vc_row full_width=&#8221;stretch_row_content_no_spaces&#8221;][vc_column][layerslider_vc id=&#8221;66&#8243;][\/vc_column][\/vc_row][vc_row full_width=&#8221;stretch_row_content_no_spaces&#8221; css=&#8221;.vc_custom_1680621671955{margin-top: -110px !important;padding-right: 20px !important;padding-left: 20px !important;background-color: #223572 !important;}&#8221; el_class=&#8221;barre&#8221;][vc_column width=&#8221;1\/2&#8243;][vc_column_text css=&#8221;.vc_custom_1680621679049{padding-top: 60px !important;padding-left: 20px !important;}&#8221;]<span style=\"color: #ffffff;\">Camping Am\u00e9lia**<\/span>[\/vc_column_text][\/vc_column][vc_column width=&#8221;1\/2&#8243;][vc_column_text css=&#8221;.vc_custom_1680621687804{padding-top: 60px !important;padding-right: 20px !important;}&#8221;]<\/p>\n<p style=\"text-align: right;\"><span style=\"color: #ffffff;\">Reserva :<\/span> <span style=\"color: #00ccff;\"><a style=\"color: #00ccff;\" href=\"tel:+33468390049\" target=\"_blank\" rel=\"noopener\">+33 468 390 049<\/a><\/span><\/p>\n<p>[\/vc_column_text][\/vc_column][\/vc_row][vc_row][vc_column][vc_column_text css=&#8221;&#8221;]<\/p>\n<h1>Descargue las precios y documentos del Camping Am\u00e9lia en Am\u00e9lie-les-Bains :<\/h1>\n<p><span style=\"color: #000000;\"><em>Nuestros precios para parcelas y mobil homes (todas las gamas) var\u00edan seg\u00fan el periodo y la duraci\u00f3n de su estancia. <strong>\u00a1Reserve con antelaci\u00f3n y obtendr\u00e1 el mejor precio!<\/strong><\/em><\/span><\/p>\n<table width=\"789\">\n<tbody>\n<tr>\n<td><a href=\"https:\/\/www.camping-amelia.fr\/wp-content\/uploads\/2026\/01\/Grille-prix-2025-2026.xlsx-grille-tarifs-empl-2026-3.pdf\" target=\"_blank\" rel=\"lightbox noopener noreferrer\"><img loading=\"lazy\" decoding=\"async\" class=\"alignleft wp-image-1250 size-full\" title=\"cliquez pour t\u00e9l\u00e9charger la documentation\" src=\"https:\/\/www.camping-amelia.fr\/wp-content\/uploads\/2017\/11\/ico_pdf.png\" alt=\"cliquez pour t\u00e9l\u00e9charger la documentation\" width=\"34\" height=\"34\" \/><\/a><\/td>\n<td style=\"text-align: left;\">Precios Parcelas 2025 Camping Am\u00e9lia [FR]<\/td>\n<\/tr>\n<tr>\n<td><a href=\"https:\/\/www.camping-amelia.fr\/wp-content\/uploads\/2025\/10\/Formulaire-de-reservation-2026.png\" target=\"_blank\" rel=\"noopener noreferrer\"><img loading=\"lazy\" decoding=\"async\" class=\"alignleft wp-image-1250 size-full\" title=\"cliquez pour t\u00e9l\u00e9charger la documentation\" src=\"https:\/\/www.camping-amelia.fr\/wp-content\/uploads\/2017\/11\/ico_pdf.png\" alt=\"cliquez pour t\u00e9l\u00e9charger la documentation\" width=\"34\" height=\"34\" \/><\/a><\/td>\n<td style=\"text-align: left;\">Formulario de reserva de parcela en el Camping Am\u00e9lia [FR]<\/td>\n<\/tr>\n<tr>\n<td>\u00a0<a href=\"https:\/\/www.camping-amelia.fr\/wp-content\/uploads\/2026\/01\/Grille-prix-2025-2026.xlsx-grille-tarifs-mh-2026-4.pdf\" target=\"_blank\" rel=\"noopener noreferrer\"><img loading=\"lazy\" decoding=\"async\" class=\"alignleft wp-image-1721 size-full\" src=\"https:\/\/www.camping-amelia.fr\/wp-content\/uploads\/2017\/11\/ico_pdf.png\" alt=\"Brochure num\u00e9rique\" width=\"34\" height=\"34\" \/><\/a><\/td>\n<td style=\"text-align: left;\">Tarifas Mobile homes 2025 Camping Am\u00e9lia [FR]<\/td>\n<\/tr>\n<tr>\n<td><a href=\"https:\/\/www.camping-amelia.fr\/wp-content\/uploads\/2025\/01\/Services-et-Tarifs-Amelia.pdf\" target=\"_blank\" rel=\"noopener noreferrer\"><img loading=\"lazy\" decoding=\"async\" class=\"alignleft wp-image-1250 size-full\" title=\"cliquez pour t\u00e9l\u00e9charger la documentation\" src=\"https:\/\/www.camping-amelia.fr\/wp-content\/uploads\/2017\/11\/ico_pdf.png\" alt=\"cliquez pour t\u00e9l\u00e9charger la documentation\" width=\"34\" height=\"34\" \/><\/a><\/td>\n<td style=\"text-align: left;\">Servicios e instalaciones del camping Amelia [FR]<\/td>\n<\/tr>\n<tr>\n<td><a href=\"https:\/\/www.camping-amelia.fr\/wp-content\/uploads\/2021\/04\/CampezCouvertFlyer.pdf\" target=\"_blank\" rel=\"noopener\"><img loading=\"lazy\" decoding=\"async\" class=\"alignleft wp-image-1250 size-full\" title=\"cliquez pour t\u00e9l\u00e9charger la documentation\" src=\"https:\/\/www.camping-amelia.fr\/wp-content\/uploads\/2017\/11\/ico_pdf.png\" alt=\"cliquez pour t\u00e9l\u00e9charger la documentation\" width=\"34\" height=\"34\" \/><\/a><\/td>\n<td style=\"text-align: left;\">Condiciones del seguro de anulaci\u00f3n CamperCovert [FR]<\/td>\n<\/tr>\n<tr>\n<td><a href=\"https:\/\/www.camping-amelia.fr\/wp-content\/uploads\/2013\/01\/preparez_votre_cure.pdf\" target=\"_blank\" rel=\"noopener noreferrer\"><img loading=\"lazy\" decoding=\"async\" class=\"alignleft size-full wp-image-1250\" title=\"cliquez pour t\u00e9l\u00e9charger la documentation\" src=\"https:\/\/www.camping-amelia.fr\/wp-content\/uploads\/2017\/11\/ico_pdf.png\" alt=\"cliquez pour t\u00e9l\u00e9charger la documentation\" width=\"34\" height=\"34\" \/><\/a><\/td>\n<td style=\"text-align: left;\">\u00bfC\u00f3mo organizar su cura en Am\u00e9lie les Bains? [FR]<\/td>\n<\/tr>\n<tr>\n<td><a href=\"https:\/\/www.camping-amelia.fr\/wp-content\/uploads\/2025\/05\/plan-Amelia2025.jpg\" target=\"_blank\" rel=\"noopener\"><img loading=\"lazy\" decoding=\"async\" class=\"alignleft wp-image-1250 size-full\" title=\"clic para descargar el mapa\" src=\"https:\/\/www.camping-amelia.fr\/wp-content\/uploads\/2017\/11\/ico_pdf.png\" alt=\"clic para descargar el mapa\" width=\"34\" height=\"34\" \/><\/a><\/td>\n<td style=\"text-align: left;\">Mapa del camping [FR]<\/td>\n<\/tr>\n<tr>\n<td><a href=\"https:\/\/www.camping-amelia.fr\/wp-content\/uploads\/2024\/12\/CGV-2025-Amelia.pdf\" target=\"_blank\" rel=\"noopener\"><img loading=\"lazy\" decoding=\"async\" class=\"alignleft wp-image-1250 size-full\" title=\"cliquez pour t\u00e9l\u00e9charger la documentation\" src=\"https:\/\/www.camping-amelia.fr\/wp-content\/uploads\/2017\/11\/ico_pdf.png\" alt=\"cliquez pour t\u00e9l\u00e9charger la documentation\" width=\"34\" height=\"34\" \/><\/a><\/td>\n<td style=\"text-align: left;\">Condiciones generales de venta [FR]<\/td>\n<\/tr>\n<\/tbody>\n<\/table>\n<p>[\/vc_column_text][\/vc_column][\/vc_row][vc_row][vc_column][vc_raw_html css=&#8221;&#8221;]JTNDZGl2JTIwc3R5bGUlM0QlMjJ0ZXh0LWFsaWduJTNBY2VudGVyJTNCJTIyJTNFJTBEJTBBJTIwJTIwJTNDZGl2JTIwc3R5bGUlM0QlMjJtYXJnaW4lM0E4cHglMjAwcHglMjA0cHglM0IlMjIlM0UlMEQlMEElMjAlMjAlMjAlMjAlM0NhJTIwaHJlZiUzRCUyMmh0dHBzJTNBJTJGJTJGd3d3LmNhbGFtZW8uY29tJTJGYm9va3MlMkYwMDgxMjgyODljZjQyZjRjYmY0MTclMjIlMjB0YXJnZXQlM0QlMjJfYmxhbmslMjIlM0UlMEQlMEElMjAlMjAlMjAlMjAlMjAlMjBCcm9jaHVyZSUyMENhbXBpbmclMjBBbSVDMyVBOWxpYSUyMDIwMjYlMEQlMEElMjAlMjAlMjAlMjAlM0MlMkZhJTNFJTBEJTBBJTIwJTIwJTNDJTJGZGl2JTNFJTBEJTBBJTBEJTBBJTIwJTIwJTNDaWZyYW1lJTIwJTBEJTBBJTIwJTIwJTIwJTIwc3JjJTNEJTIyaHR0cHMlM0ElMkYlMkZ2LmNhbGFtZW8uY29tJTJGJTNGYmtjb2RlJTNEMDA4MTI4Mjg5Y2Y0MmY0Y2JmNDE3JTI2bW9kZSUzRG1pbmklMjIlMEQlMEElMjAlMjAlMjAlMjB3aWR0aCUzRCUyMjQ4MCUyMiUwRCUwQSUyMCUyMCUyMCUyMGhlaWdodCUzRCUyMjMwMCUyMiUwRCUwQSUyMCUyMCUyMCUyMGZyYW1lYm9yZGVyJTNEJTIyMCUyMiUwRCUwQSUyMCUyMCUyMCUyMHNjcm9sbGluZyUzRCUyMm5vJTIyJTBEJTBBJTIwJTIwJTIwJTIwYWxsb3dmdWxsc2NyZWVuJTBEJTBBJTIwJTIwJTIwJTIwc3R5bGUlM0QlMjJtYXJnaW4lM0EwJTIwYXV0byUzQiUyMiUzRSUwRCUwQSUyMCUyMCUzQyUyRmlmcmFtZSUzRSUwRCUwQSUzQyUyRmRpdiUzRQ==[\/vc_raw_html][\/vc_column][\/vc_row]<\/p>\n<\/div>","protected":false},"excerpt":{"rendered":"<p>[vc_row full_width=&#8221;stretch_row_content_no_spaces&#8221;][vc_column][layerslider_vc id=&#8221;66&#8243;][\/vc_column][\/vc_row][vc_row full_width=&#8221;stretch_row_content_no_spaces&#8221; css=&#8221;.vc_custom_1680621671955{margin-top: -110px !important;padding-right: 20px !important;padding-left: 20px !important;background-color: #223572 !important;}&#8221; el_class=&#8221;barre&#8221;][vc_column width=&#8221;1\/2&#8243;][vc_column_text css=&#8221;.vc_custom_1680621679049{padding-top: 60px !important;padding-left: 20px !important;}&#8221;]Camping Am\u00e9lia**[\/vc_column_text][\/vc_column][vc_column width=&#8221;1\/2&#8243;][vc_column_text css=&#8221;.vc_custom_1680621687804{padding-top: 60px !important;padding-right: 20px !important;}&#8221;] Reserva : +33 468 390 049 [\/vc_column_text][\/vc_column][\/vc_row][vc_row][vc_column][vc_column_text css=&#8221;&#8221;] Descargue las precios y documentos del Camping Am\u00e9lia en Am\u00e9lie-les-Bains : Nuestros precios para parcelas y mobil homes (todas las [&hellip;]<\/p>\n","protected":false},"author":1,"featured_media":0,"parent":0,"menu_order":0,"comment_status":"closed","ping_status":"closed","template":"","meta":{"site-sidebar-layout":"no-sidebar","site-content-layout":"plain-container","ast-site-content-layout":"normal-width-container","site-content-style":"unboxed","site-sidebar-style":"unboxed","ast-global-header-display":"","ast-banner-title-visibility":"","ast-main-header-display":"","ast-hfb-above-header-display":"","ast-hfb-below-header-display":"","ast-hfb-mobile-header-display":"","site-post-title":"disabled","ast-breadcrumbs-content":"","ast-featured-img":"disabled","footer-sml-layout":"","theme-transparent-header-meta":"default","adv-header-id-meta":"","stick-header-meta":"default","header-above-stick-meta":"","header-main-stick-meta":"","header-below-stick-meta":"","astra-migrate-meta-layouts":"set","ast-page-background-enabled":"default","ast-page-background-meta":{"desktop":{"background-color":"var(--ast-global-color-4)","background-image":"","background-repeat":"repeat","background-position":"center center","background-size":"auto","background-attachment":"scroll","background-type":"","background-media":"","overlay-type":"","overlay-color":"","overlay-opacity":"","overlay-gradient":""},"tablet":{"background-color":"","background-image":"","background-repeat":"repeat","background-position":"center center","background-size":"auto","background-attachment":"scroll","background-type":"","background-media":"","overlay-type":"","overlay-color":"","overlay-opacity":"","overlay-gradient":""},"mobile":{"background-color":"","background-image":"","background-repeat":"repeat","background-position":"center center","background-size":"auto","background-attachment":"scroll","background-type":"","background-media":"","overlay-type":"","overlay-color":"","overlay-opacity":"","overlay-gradient":""}},"ast-content-background-meta":{"desktop":{"background-color":"var(--ast-global-color-5)","background-image":"","background-repeat":"repeat","background-position":"center center","background-size":"auto","background-attachment":"scroll","background-type":"","background-media":"","overlay-type":"","overlay-color":"","overlay-opacity":"","overlay-gradient":""},"tablet":{"background-color":"var(--ast-global-color-5)","background-image":"","background-repeat":"repeat","background-position":"center center","background-size":"auto","background-attachment":"scroll","background-type":"","background-media":"","overlay-type":"","overlay-color":"","overlay-opacity":"","overlay-gradient":""},"mobile":{"background-color":"var(--ast-global-color-5)","background-image":"","background-repeat":"repeat","background-position":"center center","background-size":"auto","background-attachment":"scroll","background-type":"","background-media":"","overlay-type":"","overlay-color":"","overlay-opacity":"","overlay-gradient":""}},"footnotes":""},"class_list":["post-3448","page","type-page","status-publish","hentry"],"yoast_head":"<!-- This site is optimized with the Yoast SEO plugin v27.5 - https:\/\/yoast.com\/product\/yoast-seo-wordpress\/ -->\n<title>Precios y documentaci\u00f3n camping en Am\u00e9lie-les-Bains<\/title>\n<meta name=\"description\" content=\"Descubra nuestros mejores precios para camping cura en Am\u00e9lie-les-Bains y consulte nuestra documentaci\u00f3n - Camping Am\u00e9lia**.\" \/>\n<meta name=\"robots\" content=\"index, follow, max-snippet:-1, max-image-preview:large, max-video-preview:-1\" \/>\n<link rel=\"canonical\" href=\"https:\/\/www.camping-amelia.fr\/es\/precios-y-documentacion\/\" \/>\n<meta property=\"og:locale\" content=\"es_ES\" \/>\n<meta property=\"og:type\" content=\"article\" \/>\n<meta property=\"og:title\" content=\"Precios y documentaci\u00f3n camping en Am\u00e9lie-les-Bains\" \/>\n<meta property=\"og:description\" content=\"Descubra nuestros mejores precios para camping cura en Am\u00e9lie-les-Bains y consulte nuestra documentaci\u00f3n - Camping Am\u00e9lia**.\" \/>\n<meta property=\"og:url\" content=\"https:\/\/www.camping-amelia.fr\/es\/precios-y-documentacion\/\" \/>\n<meta property=\"og:site_name\" content=\"Camping Am\u00e9lia **\" \/>\n<meta property=\"article:modified_time\" content=\"2026-01-08T14:31:17+00:00\" \/>\n<meta property=\"og:image\" content=\"https:\/\/www.camping-amelia.fr\/wp-content\/uploads\/2017\/11\/ico_pdf.png\" \/>\n<meta name=\"twitter:card\" content=\"summary_large_image\" \/>\n<meta name=\"twitter:label1\" content=\"Est. reading time\" \/>\n\t<meta name=\"twitter:data1\" content=\"1 minute\" \/>\n<script type=\"application\/ld+json\" class=\"yoast-schema-graph\">{\"@context\":\"https:\\\/\\\/schema.org\",\"@graph\":[{\"@type\":\"WebPage\",\"@id\":\"https:\\\/\\\/www.camping-amelia.fr\\\/es\\\/precios-y-documentacion\\\/\",\"url\":\"https:\\\/\\\/www.camping-amelia.fr\\\/es\\\/precios-y-documentacion\\\/\",\"name\":\"Precios y documentaci\u00f3n camping en Am\u00e9lie-les-Bains\",\"isPartOf\":{\"@id\":\"https:\\\/\\\/www.camping-amelia.fr\\\/#website\"},\"primaryImageOfPage\":{\"@id\":\"https:\\\/\\\/www.camping-amelia.fr\\\/es\\\/precios-y-documentacion\\\/#primaryimage\"},\"image\":{\"@id\":\"https:\\\/\\\/www.camping-amelia.fr\\\/es\\\/precios-y-documentacion\\\/#primaryimage\"},\"thumbnailUrl\":\"https:\\\/\\\/www.camping-amelia.fr\\\/wp-content\\\/uploads\\\/2017\\\/11\\\/ico_pdf.png\",\"datePublished\":\"2022-04-05T15:02:22+00:00\",\"dateModified\":\"2026-01-08T14:31:17+00:00\",\"description\":\"Descubra nuestros mejores precios para camping cura en Am\u00e9lie-les-Bains y consulte nuestra documentaci\u00f3n - Camping Am\u00e9lia**.\",\"breadcrumb\":{\"@id\":\"https:\\\/\\\/www.camping-amelia.fr\\\/es\\\/precios-y-documentacion\\\/#breadcrumb\"},\"inLanguage\":\"es-ES\",\"potentialAction\":[{\"@type\":\"ReadAction\",\"target\":[\"https:\\\/\\\/www.camping-amelia.fr\\\/es\\\/precios-y-documentacion\\\/\"]}]},{\"@type\":\"ImageObject\",\"inLanguage\":\"es-ES\",\"@id\":\"https:\\\/\\\/www.camping-amelia.fr\\\/es\\\/precios-y-documentacion\\\/#primaryimage\",\"url\":\"https:\\\/\\\/www.camping-amelia.fr\\\/wp-content\\\/uploads\\\/2017\\\/11\\\/ico_pdf.png\",\"contentUrl\":\"https:\\\/\\\/www.camping-amelia.fr\\\/wp-content\\\/uploads\\\/2017\\\/11\\\/ico_pdf.png\"},{\"@type\":\"BreadcrumbList\",\"@id\":\"https:\\\/\\\/www.camping-amelia.fr\\\/es\\\/precios-y-documentacion\\\/#breadcrumb\",\"itemListElement\":[{\"@type\":\"ListItem\",\"position\":1,\"name\":\"Accueil\",\"item\":\"https:\\\/\\\/www.camping-amelia.fr\\\/es\\\/\"},{\"@type\":\"ListItem\",\"position\":2,\"name\":\"Precios y documentaci\u00f3n\"}]},{\"@type\":\"WebSite\",\"@id\":\"https:\\\/\\\/www.camping-amelia.fr\\\/#website\",\"url\":\"https:\\\/\\\/www.camping-amelia.fr\\\/\",\"name\":\"Camping Am\u00e9lia **\",\"description\":\"Am\u00e9lie-les-Bains\",\"potentialAction\":[{\"@type\":\"SearchAction\",\"target\":{\"@type\":\"EntryPoint\",\"urlTemplate\":\"https:\\\/\\\/www.camping-amelia.fr\\\/?s={search_term_string}\"},\"query-input\":{\"@type\":\"PropertyValueSpecification\",\"valueRequired\":true,\"valueName\":\"search_term_string\"}}],\"inLanguage\":\"es-ES\"}]}<\/script>\n<!-- \/ Yoast SEO plugin. -->","yoast_head_json":{"title":"Precios y documentaci\u00f3n camping en Am\u00e9lie-les-Bains","description":"Descubra nuestros mejores precios para camping cura en Am\u00e9lie-les-Bains y consulte nuestra documentaci\u00f3n - Camping Am\u00e9lia**.","robots":{"index":"index","follow":"follow","max-snippet":"max-snippet:-1","max-image-preview":"max-image-preview:large","max-video-preview":"max-video-preview:-1"},"canonical":"https:\/\/www.camping-amelia.fr\/es\/precios-y-documentacion\/","og_locale":"es_ES","og_type":"article","og_title":"Precios y documentaci\u00f3n camping en Am\u00e9lie-les-Bains","og_description":"Descubra nuestros mejores precios para camping cura en Am\u00e9lie-les-Bains y consulte nuestra documentaci\u00f3n - Camping Am\u00e9lia**.","og_url":"https:\/\/www.camping-amelia.fr\/es\/precios-y-documentacion\/","og_site_name":"Camping Am\u00e9lia **","article_modified_time":"2026-01-08T14:31:17+00:00","og_image":[{"url":"https:\/\/www.camping-amelia.fr\/wp-content\/uploads\/2017\/11\/ico_pdf.png","type":"","width":"","height":""}],"twitter_card":"summary_large_image","twitter_misc":{"Est. reading time":"1 minute"},"schema":{"@context":"https:\/\/schema.org","@graph":[{"@type":"WebPage","@id":"https:\/\/www.camping-amelia.fr\/es\/precios-y-documentacion\/","url":"https:\/\/www.camping-amelia.fr\/es\/precios-y-documentacion\/","name":"Precios y documentaci\u00f3n camping en Am\u00e9lie-les-Bains","isPartOf":{"@id":"https:\/\/www.camping-amelia.fr\/#website"},"primaryImageOfPage":{"@id":"https:\/\/www.camping-amelia.fr\/es\/precios-y-documentacion\/#primaryimage"},"image":{"@id":"https:\/\/www.camping-amelia.fr\/es\/precios-y-documentacion\/#primaryimage"},"thumbnailUrl":"https:\/\/www.camping-amelia.fr\/wp-content\/uploads\/2017\/11\/ico_pdf.png","datePublished":"2022-04-05T15:02:22+00:00","dateModified":"2026-01-08T14:31:17+00:00","description":"Descubra nuestros mejores precios para camping cura en Am\u00e9lie-les-Bains y consulte nuestra documentaci\u00f3n - Camping Am\u00e9lia**.","breadcrumb":{"@id":"https:\/\/www.camping-amelia.fr\/es\/precios-y-documentacion\/#breadcrumb"},"inLanguage":"es-ES","potentialAction":[{"@type":"ReadAction","target":["https:\/\/www.camping-amelia.fr\/es\/precios-y-documentacion\/"]}]},{"@type":"ImageObject","inLanguage":"es-ES","@id":"https:\/\/www.camping-amelia.fr\/es\/precios-y-documentacion\/#primaryimage","url":"https:\/\/www.camping-amelia.fr\/wp-content\/uploads\/2017\/11\/ico_pdf.png","contentUrl":"https:\/\/www.camping-amelia.fr\/wp-content\/uploads\/2017\/11\/ico_pdf.png"},{"@type":"BreadcrumbList","@id":"https:\/\/www.camping-amelia.fr\/es\/precios-y-documentacion\/#breadcrumb","itemListElement":[{"@type":"ListItem","position":1,"name":"Accueil","item":"https:\/\/www.camping-amelia.fr\/es\/"},{"@type":"ListItem","position":2,"name":"Precios y documentaci\u00f3n"}]},{"@type":"WebSite","@id":"https:\/\/www.camping-amelia.fr\/#website","url":"https:\/\/www.camping-amelia.fr\/","name":"Camping Am\u00e9lia **","description":"Am\u00e9lie-les-Bains","potentialAction":[{"@type":"SearchAction","target":{"@type":"EntryPoint","urlTemplate":"https:\/\/www.camping-amelia.fr\/?s={search_term_string}"},"query-input":{"@type":"PropertyValueSpecification","valueRequired":true,"valueName":"search_term_string"}}],"inLanguage":"es-ES"}]}},"_links":{"self":[{"href":"https:\/\/www.camping-amelia.fr\/es\/wp-json\/wp\/v2\/pages\/3448","targetHints":{"allow":["GET"]}}],"collection":[{"href":"https:\/\/www.camping-amelia.fr\/es\/wp-json\/wp\/v2\/pages"}],"about":[{"href":"https:\/\/www.camping-amelia.fr\/es\/wp-json\/wp\/v2\/types\/page"}],"author":[{"embeddable":true,"href":"https:\/\/www.camping-amelia.fr\/es\/wp-json\/wp\/v2\/users\/1"}],"replies":[{"embeddable":true,"href":"https:\/\/www.camping-amelia.fr\/es\/wp-json\/wp\/v2\/comments?post=3448"}],"version-history":[{"count":16,"href":"https:\/\/www.camping-amelia.fr\/es\/wp-json\/wp\/v2\/pages\/3448\/revisions"}],"predecessor-version":[{"id":6401,"href":"https:\/\/www.camping-amelia.fr\/es\/wp-json\/wp\/v2\/pages\/3448\/revisions\/6401"}],"wp:attachment":[{"href":"https:\/\/www.camping-amelia.fr\/es\/wp-json\/wp\/v2\/media?parent=3448"}],"curies":[{"name":"wp","href":"https:\/\/api.w.org\/{rel}","templated":true}]}}